{"id":986,"date":"2022-10-07T17:35:23","date_gmt":"2022-10-07T15:35:23","guid":{"rendered":"https:\/\/cd56tt.com\/?page_id=986"},"modified":"2025-12-09T15:59:33","modified_gmt":"2025-12-09T14:59:33","slug":"championnat-individuel-veteran-et-coupe-veteran-2023","status":"publish","type":"page","link":"https:\/\/cd56tt.com\/index.php\/championnat-individuel-veteran-et-coupe-veteran-2023\/","title":{"rendered":"Championnat Individuel V\u00e9t\u00e9ran et Coupe V\u00e9t\u00e9ran 2025"},"content":{"rendered":"<p>[et_pb_section fb_built=&#8221;1&#8243; _builder_version=&#8221;4.17.4&#8243; _module_preset=&#8221;default&#8221; background_color=&#8221;#FFFFFF&#8221; use_background_color_gradient=&#8221;on&#8221; background_color_gradient_stops=&#8221;#2b87da 0%|#29c4a9 66%&#8221; background_enable_pattern_style=&#8221;on&#8221; background_pattern_style=&#8221;smiles&#8221; background_enable_mask_style=&#8221;on&#8221; background_mask_style=&#8221;rock-stack&#8221; background_mask_color=&#8221;#FBBA00&#8243; border_width_all=&#8221;8px&#8221; saved_tabs=&#8221;all&#8221; global_colors_info=&#8221;{}&#8221;][et_pb_row _builder_version=&#8221;4.17.4&#8243; _module_preset=&#8221;default&#8221; background_color=&#8221;RGBA(255,255,255,0)&#8221; global_colors_info=&#8221;{}&#8221;][et_pb_column type=&#8221;4_4&#8243; _builder_version=&#8221;4.17.4&#8243; _module_preset=&#8221;default&#8221; global_colors_info=&#8221;{}&#8221;][et_pb_post_title title=&#8221;off&#8221; meta=&#8221;off&#8221; featured_image=&#8221;off&#8221; admin_label=&#8221;CHAMPIONNAT VETERAN INDIVIDUEL&#8221; _builder_version=&#8221;4.23.1&#8243; _module_preset=&#8221;default&#8221; global_colors_info=&#8221;{}&#8221;][\/et_pb_post_title][et_pb_button button_url=&#8221;https:\/\/cd56tt.com\/wp-content\/uploads\/2025\/11\/REGLEMENT-INDIVIDUELS-depVETERANS-2025.pdf&#8221; url_new_window=&#8221;on&#8221; button_text=&#8221;REGLEMENT CHPT VETERAN INDIVIDUEL &#8221; button_alignment=&#8221;left&#8221; _builder_version=&#8221;4.27.4&#8243; _module_preset=&#8221;default&#8221; custom_button=&#8221;on&#8221; button_text_color=&#8221;#000000&#8243; button_bg_color=&#8221;#FFFFFF&#8221; transform_scale=&#8221;82%|82%&#8221; background_layout=&#8221;dark&#8221; box_shadow_style=&#8221;preset2&#8243; box_shadow_horizontal=&#8221;4px&#8221; global_colors_info=&#8221;{}&#8221;][\/et_pb_button][et_pb_button button_url=&#8221;https:\/\/cd56tt.com\/wp-content\/uploads\/2025\/11\/Modification-Horaires-Deroulement-Individuels-veterans-07-decembre-2025.pdf&#8221; url_new_window=&#8221;on&#8221; button_text=&#8221;MODIFICATION HORAIRES DEROULEMENT CHPT VETERAN INDIVIDUEL 7 d\u00e9cembre 2025 \u00e0 Ploemeur&#8221; button_alignment=&#8221;left&#8221; _builder_version=&#8221;4.27.4&#8243; _module_preset=&#8221;default&#8221; custom_button=&#8221;on&#8221; button_text_color=&#8221;#000000&#8243; button_bg_color=&#8221;#FFFFFF&#8221; transform_scale=&#8221;82%|82%&#8221; background_layout=&#8221;dark&#8221; box_shadow_style=&#8221;preset2&#8243; box_shadow_horizontal=&#8221;4px&#8221; global_colors_info=&#8221;{}&#8221;][\/et_pb_button][et_pb_button button_url=&#8221;https:\/\/cd56tt.com\/wp-content\/uploads\/2025\/12\/RESULTATS-MESSIEURS-VETERANS-INDIVIDUELS-du-7122025-Ploemeur.pdf&#8221; url_new_window=&#8221;on&#8221; button_text=&#8221;RESULTATS MESSIEURS CHPT VETERAN INDIVIDUEL 7 d\u00e9cembre 2025 \u00e0 Ploemeur&#8221; button_alignment=&#8221;left&#8221; _builder_version=&#8221;4.27.4&#8243; _module_preset=&#8221;default&#8221; custom_button=&#8221;on&#8221; button_text_color=&#8221;#000000&#8243; button_bg_color=&#8221;#FFFFFF&#8221; transform_scale=&#8221;82%|82%&#8221; background_layout=&#8221;dark&#8221; hover_enabled=&#8221;0&#8243; box_shadow_style=&#8221;preset2&#8243; box_shadow_horizontal=&#8221;4px&#8221; global_colors_info=&#8221;{}&#8221; sticky_enabled=&#8221;0&#8243;][\/et_pb_button][et_pb_button button_url=&#8221;https:\/\/cd56tt.com\/wp-content\/uploads\/2025\/12\/RESULTATS-DAMES-VETERANS-INDIVIDUELS-du-7122025-Ploemeur.pdf&#8221; url_new_window=&#8221;on&#8221; button_text=&#8221;RESULTATS DAMES CHPT VETERAN INDIVIDUEL 7 d\u00e9cembre 2025 \u00e0 Ploemeur&#8221; button_alignment=&#8221;left&#8221; _builder_version=&#8221;4.27.4&#8243; _module_preset=&#8221;default&#8221; custom_button=&#8221;on&#8221; button_text_color=&#8221;#000000&#8243; button_bg_color=&#8221;#FFFFFF&#8221; transform_scale=&#8221;82%|82%&#8221; background_layout=&#8221;dark&#8221; hover_enabled=&#8221;0&#8243; box_shadow_style=&#8221;preset2&#8243; box_shadow_horizontal=&#8221;4px&#8221; global_colors_info=&#8221;{}&#8221; sticky_enabled=&#8221;0&#8243;][\/et_pb_button][et_pb_button button_url=&#8221;https:\/\/cd56tt.com\/wp-content\/uploads\/2025\/10\/REGLEMENT-COUPE-VETERANS.pdf&#8221; url_new_window=&#8221;on&#8221; button_text=&#8221;REGLEMENT COUPE VETERAN&#8221; button_alignment=&#8221;left&#8221; _builder_version=&#8221;4.27.4&#8243; _module_preset=&#8221;default&#8221; custom_button=&#8221;on&#8221; button_text_color=&#8221;#000000&#8243; button_bg_color=&#8221;#008ECF&#8221; transform_scale=&#8221;82%|82%&#8221; background_layout=&#8221;dark&#8221; box_shadow_style=&#8221;preset2&#8243; box_shadow_horizontal=&#8221;4px&#8221; global_colors_info=&#8221;{}&#8221;][\/et_pb_button][et_pb_button button_url=&#8221;https:\/\/cd56tt.com\/wp-content\/uploads\/2025\/11\/Deroulement-Coupe-Veteran-6-12-2025-Ploemeur.pdf&#8221; url_new_window=&#8221;on&#8221; button_text=&#8221;DEROULEMENT COUPE VETERAN 6 d\u00e9cembre 2025 \u00e0 Ploemeur&#8221; button_alignment=&#8221;left&#8221; _builder_version=&#8221;4.27.4&#8243; _module_preset=&#8221;default&#8221; custom_button=&#8221;on&#8221; button_text_color=&#8221;#000000&#8243; button_bg_color=&#8221;#008ECF&#8221; transform_scale=&#8221;82%|82%&#8221; background_layout=&#8221;dark&#8221; box_shadow_style=&#8221;preset2&#8243; box_shadow_horizontal=&#8221;4px&#8221; global_colors_info=&#8221;{}&#8221;][\/et_pb_button][et_pb_button button_url=&#8221;https:\/\/cd56tt.com\/wp-content\/uploads\/2025\/12\/RESULTATS-COUPE-VETERAN-6-DEC-2025-PLOEMEUR.pdf&#8221; url_new_window=&#8221;on&#8221; button_text=&#8221;RESULTATS COUPE VETERAN 6 d\u00e9cembre 2025 \u00e0 Ploemeur&#8221; button_alignment=&#8221;left&#8221; _builder_version=&#8221;4.27.4&#8243; _module_preset=&#8221;default&#8221; custom_button=&#8221;on&#8221; button_text_color=&#8221;#000000&#8243; button_bg_color=&#8221;#008ECF&#8221; transform_scale=&#8221;82%|82%&#8221; background_layout=&#8221;dark&#8221; hover_enabled=&#8221;0&#8243; box_shadow_style=&#8221;preset2&#8243; box_shadow_horizontal=&#8221;4px&#8221; global_colors_info=&#8221;{}&#8221; sticky_enabled=&#8221;0&#8243;][\/et_pb_button][\/et_pb_column][\/et_pb_row][\/et_pb_section]<\/p>\n","protected":false},"excerpt":{"rendered":"","protected":false},"author":1,"featured_media":0,"parent":0,"menu_order":0,"comment_status":"closed","ping_status":"closed","template":"","meta":{"_et_pb_use_builder":"on","_et_pb_old_content":"","_et_gb_content_width":"","footnotes":""},"class_list":["post-986","page","type-page","status-publish","hentry"],"_links":{"self":[{"href":"https:\/\/cd56tt.com\/index.php\/wp-json\/wp\/v2\/pages\/986","targetHints":{"allow":["GET"]}}],"collection":[{"href":"https:\/\/cd56tt.com\/index.php\/wp-json\/wp\/v2\/pages"}],"about":[{"href":"https:\/\/cd56tt.com\/index.php\/wp-json\/wp\/v2\/types\/page"}],"author":[{"embeddable":true,"href":"https:\/\/cd56tt.com\/index.php\/wp-json\/wp\/v2\/users\/1"}],"replies":[{"embeddable":true,"href":"https:\/\/cd56tt.com\/index.php\/wp-json\/wp\/v2\/comments?post=986"}],"version-history":[{"count":24,"href":"https:\/\/cd56tt.com\/index.php\/wp-json\/wp\/v2\/pages\/986\/revisions"}],"predecessor-version":[{"id":3162,"href":"https:\/\/cd56tt.com\/index.php\/wp-json\/wp\/v2\/pages\/986\/revisions\/3162"}],"wp:attachment":[{"href":"https:\/\/cd56tt.com\/index.php\/wp-json\/wp\/v2\/media?parent=986"}],"curies":[{"name":"wp","href":"https:\/\/api.w.org\/{rel}","templated":true}]}}