{"id":590,"date":"2022-06-28T19:44:34","date_gmt":"2022-06-28T17:44:34","guid":{"rendered":"https:\/\/cd56tt.com\/?page_id=590"},"modified":"2022-06-28T19:44:34","modified_gmt":"2022-06-28T17:44:34","slug":"guide-colosse-aux-pieds-dargile","status":"publish","type":"page","link":"https:\/\/cd56tt.com\/index.php\/guide-colosse-aux-pieds-dargile\/","title":{"rendered":"Guide Colosse aux pieds d&#8217;argile"},"content":{"rendered":"<p>[et_pb_section fb_built=&#8221;1&#8243; _builder_version=&#8221;4.17.4&#8243; _module_preset=&#8221;default&#8221; background_color=&#8221;#FFFFFF&#8221; use_background_color_gradient=&#8221;on&#8221; background_color_gradient_stops=&#8221;#2b87da 0%|#29c4a9 66%&#8221; background_enable_pattern_style=&#8221;on&#8221; background_pattern_style=&#8221;smiles&#8221; background_enable_mask_style=&#8221;on&#8221; background_mask_style=&#8221;rock-stack&#8221; background_mask_color=&#8221;#FBBA00&#8243; border_width_all=&#8221;8px&#8221; saved_tabs=&#8221;all&#8221; global_colors_info=&#8221;{}&#8221;][et_pb_row _builder_version=&#8221;4.17.4&#8243; _module_preset=&#8221;default&#8221; background_color=&#8221;RGBA(255,255,255,0)&#8221; global_colors_info=&#8221;{}&#8221;][et_pb_column type=&#8221;4_4&#8243; _builder_version=&#8221;4.17.4&#8243; _module_preset=&#8221;default&#8221; global_colors_info=&#8221;{}&#8221;][et_pb_post_title meta=&#8221;off&#8221; featured_image=&#8221;off&#8221; _builder_version=&#8221;4.17.4&#8243; _module_preset=&#8221;default&#8221; global_colors_info=&#8221;{}&#8221;][\/et_pb_post_title][et_pb_text _builder_version=&#8221;4.17.4&#8243; _module_preset=&#8221;default&#8221; global_colors_info=&#8221;{}&#8221;]<\/p>\n<table class=\"tablecontent qsn1 bg_self__isdark__text_bw qsn4 bd_self clubbordercolorc1 isclear\" width=\"100%\" cellspacing=\"0\" cellpadding=\"0\" border=\"0\">\n<tbody>\n<tr>\n<td class=\"qlubcontainer_content\">\n<div class=\"wsg_notebody\">\n<div class=\"wsg_content\">\n<div class=\"wsg_content_html qtxt1 paddingslider\">\n<div>Voici un guide \u00e9dit\u00e9 par l&#8217;association &#8220;Colosse aux pieds d&#8217;argile&#8221; pour la pr\u00e9vention et la sensibilisation aux risques de p\u00e9docriminalit\u00e9 en milieu sportif.<\/div>\n<\/div>\n<\/div>\n<\/div>\n<\/td>\n<\/tr>\n<\/tbody>\n<\/table>\n<p>[\/et_pb_text][et_pb_button button_url=&#8221;https:\/\/cd56tt.com\/wp-content\/uploads\/2022\/06\/Colosse-aux-pieds-dargile.pdf&#8221; url_new_window=&#8221;on&#8221; button_text=&#8221;Guide Colosse aux pieds d&#8217;argile.pdf&#8221; _builder_version=&#8221;4.17.4&#8243; _module_preset=&#8221;default&#8221; transform_scale=&#8221;82%|82%&#8221; background_layout=&#8221;dark&#8221; hover_enabled=&#8221;0&#8243; box_shadow_style=&#8221;preset2&#8243; global_colors_info=&#8221;{}&#8221; sticky_enabled=&#8221;0&#8243;][\/et_pb_button][\/et_pb_column][\/et_pb_row][\/et_pb_section]<\/p>\n","protected":false},"excerpt":{"rendered":"<p>Voici un guide \u00e9dit\u00e9 par l&#8217;association &#8220;Colosse aux pieds d&#8217;argile&#8221; pour la pr\u00e9vention et la sensibilisation aux risques de p\u00e9docriminalit\u00e9 en milieu sportif.<\/p>\n","protected":false},"author":1,"featured_media":0,"parent":0,"menu_order":0,"comment_status":"closed","ping_status":"closed","template":"","meta":{"_et_pb_use_builder":"on","_et_pb_old_content":"","_et_gb_content_width":"","footnotes":""},"class_list":["post-590","page","type-page","status-publish","hentry"],"_links":{"self":[{"href":"https:\/\/cd56tt.com\/index.php\/wp-json\/wp\/v2\/pages\/590","targetHints":{"allow":["GET"]}}],"collection":[{"href":"https:\/\/cd56tt.com\/index.php\/wp-json\/wp\/v2\/pages"}],"about":[{"href":"https:\/\/cd56tt.com\/index.php\/wp-json\/wp\/v2\/types\/page"}],"author":[{"embeddable":true,"href":"https:\/\/cd56tt.com\/index.php\/wp-json\/wp\/v2\/users\/1"}],"replies":[{"embeddable":true,"href":"https:\/\/cd56tt.com\/index.php\/wp-json\/wp\/v2\/comments?post=590"}],"version-history":[{"count":3,"href":"https:\/\/cd56tt.com\/index.php\/wp-json\/wp\/v2\/pages\/590\/revisions"}],"predecessor-version":[{"id":595,"href":"https:\/\/cd56tt.com\/index.php\/wp-json\/wp\/v2\/pages\/590\/revisions\/595"}],"wp:attachment":[{"href":"https:\/\/cd56tt.com\/index.php\/wp-json\/wp\/v2\/media?parent=590"}],"curies":[{"name":"wp","href":"https:\/\/api.w.org\/{rel}","templated":true}]}}