{"id":586,"date":"2022-06-28T19:39:01","date_gmt":"2022-06-28T17:39:01","guid":{"rendered":"https:\/\/cd56tt.com\/?page_id=586"},"modified":"2022-06-28T19:39:01","modified_gmt":"2022-06-28T17:39:01","slug":"centre-de-resources-ligues-et-comites-bretons","status":"publish","type":"page","link":"https:\/\/cd56tt.com\/index.php\/centre-de-resources-ligues-et-comites-bretons\/","title":{"rendered":"Centre de resources Ligues et Comit\u00e9s Bretons"},"content":{"rendered":"<p>[et_pb_section fb_built=&#8221;1&#8243; _builder_version=&#8221;4.17.4&#8243; _module_preset=&#8221;default&#8221; background_color=&#8221;#FFFFFF&#8221; use_background_color_gradient=&#8221;on&#8221; background_color_gradient_stops=&#8221;#2b87da 0%|#29c4a9 66%&#8221; background_enable_pattern_style=&#8221;on&#8221; background_pattern_style=&#8221;tufted&#8221; hover_enabled=&#8221;0&#8243; border_width_all=&#8221;8px&#8221; saved_tabs=&#8221;all&#8221; global_colors_info=&#8221;{}&#8221; theme_builder_area=&#8221;post_content&#8221; background_pattern_color=&#8221;#008ECF&#8221; sticky_enabled=&#8221;0&#8243;][et_pb_row _builder_version=&#8221;4.17.4&#8243; _module_preset=&#8221;default&#8221; background_color=&#8221;RGBA(255,255,255,0)&#8221; global_colors_info=&#8221;{}&#8221; theme_builder_area=&#8221;post_content&#8221;][et_pb_column type=&#8221;4_4&#8243; _builder_version=&#8221;4.17.4&#8243; _module_preset=&#8221;default&#8221; global_colors_info=&#8221;{}&#8221; theme_builder_area=&#8221;post_content&#8221;][et_pb_post_title meta=&#8221;off&#8221; featured_image=&#8221;off&#8221; _builder_version=&#8221;4.17.4&#8243; _module_preset=&#8221;default&#8221; global_colors_info=&#8221;{}&#8221; theme_builder_area=&#8221;post_content&#8221;][\/et_pb_post_title][et_pb_text _builder_version=&#8221;4.17.4&#8243; _module_preset=&#8221;default&#8221; theme_builder_area=&#8221;post_content&#8221; hover_enabled=&#8221;0&#8243; sticky_enabled=&#8221;0&#8243; custom_padding=&#8221;10px|10px|10px|10px|false|false&#8221; background_color=&#8221;#FBBA00&#8243; text_text_color=&#8221;#000000&#8243;]<\/p>\n<p><span>Bonjour \u00e0 tous,\u00a0<\/span><\/p>\n<p><span>Dans le cadre du Projet Sportif Territorial (PST) con\u00e7u et men\u00e9 par la Ligue et les Comit\u00e9s D\u00e9partementaux de TT, le Centre de Ressources au service des clubs est d\u00e9sormais disponible.<\/span><\/p>\n<p><span>\u00a0<\/span><span>Il s&#8217;\u00e9toffera au fil du temps mais nous vous invitons d\u00e8s maintenant \u00e0 le consulter.<\/span><\/p>\n<p><span>\u00a0<\/span><span>Vous pouvez\u00a0<a href=\"https:\/\/plateforme.creps-pdl.fr\/workspaces\/497\/open\/tool\/home#\/tab\/-1\" moz-do-not-send=\"true\">acc\u00e9der au centre de ressources<\/a>\u00a0\u00e0 partir du site de la Ligue de Bretagne &gt; La Ligue &gt; Projet Olympiade 2018-2024 ou en cliquant directement sur le bouton pr\u00e9vu dans le bandeau central de l&#8217;accueil.<\/span><\/p>\n<p><span>\u00a0<\/span><span>Vous en souhaitant une bonne consultation.<\/span><\/p>\n<p><span>\u00a0<\/span><span>Salutations sportives,<\/span><\/p>\n<p><span>\u00a0<\/span><\/p>\n<p><span>La Ligue de Bretagne\u00a0 \u00a0 \u00a0 \u00a0 \u00a0\u00a0<\/span><a href=\"http:\/\/lbretagnett.com\/\" onclick=\"if (!window.__cfRLUnblockHandlers) return false; window.open( 'http:\/\/lbretagnett.com\/' , '' ) ; return false\" target=\"_blank\" rel=\"noopener\">http:\/\/lbretagnett.com\/<\/a><\/p>\n<p>[\/et_pb_text][\/et_pb_column][\/et_pb_row][\/et_pb_section]<\/p>\n","protected":false},"excerpt":{"rendered":"<p>Bonjour \u00e0 tous,\u00a0 Dans le cadre du Projet Sportif Territorial (PST) con\u00e7u et men\u00e9 par la Ligue et les Comit\u00e9s D\u00e9partementaux de TT, le Centre de Ressources au service des clubs est d\u00e9sormais disponible. \u00a0Il s&#8217;\u00e9toffera au fil du temps mais nous vous invitons d\u00e8s maintenant \u00e0 le consulter. \u00a0Vous pouvez\u00a0acc\u00e9der au centre de ressources\u00a0\u00e0 partir du site de la Ligue de Bretagne &gt; La Ligue &gt; Projet Olympiade 2018-2024 ou en cliquant directement sur le bouton pr\u00e9vu dans le bandeau central de l&#8217;accueil. \u00a0Vous en souhaitant une bonne consultation. \u00a0Salutations sportives, \u00a0 La Ligue de Bretagne\u00a0 \u00a0 \u00a0 \u00a0 \u00a0\u00a0http:\/\/lbretagnett.com\/<\/p>\n","protected":false},"author":1,"featured_media":0,"parent":0,"menu_order":0,"comment_status":"closed","ping_status":"closed","template":"","meta":{"_et_pb_use_builder":"on","_et_pb_old_content":"","_et_gb_content_width":"","footnotes":""},"class_list":["post-586","page","type-page","status-publish","hentry"],"_links":{"self":[{"href":"https:\/\/cd56tt.com\/index.php\/wp-json\/wp\/v2\/pages\/586","targetHints":{"allow":["GET"]}}],"collection":[{"href":"https:\/\/cd56tt.com\/index.php\/wp-json\/wp\/v2\/pages"}],"about":[{"href":"https:\/\/cd56tt.com\/index.php\/wp-json\/wp\/v2\/types\/page"}],"author":[{"embeddable":true,"href":"https:\/\/cd56tt.com\/index.php\/wp-json\/wp\/v2\/users\/1"}],"replies":[{"embeddable":true,"href":"https:\/\/cd56tt.com\/index.php\/wp-json\/wp\/v2\/comments?post=586"}],"version-history":[{"count":2,"href":"https:\/\/cd56tt.com\/index.php\/wp-json\/wp\/v2\/pages\/586\/revisions"}],"predecessor-version":[{"id":589,"href":"https:\/\/cd56tt.com\/index.php\/wp-json\/wp\/v2\/pages\/586\/revisions\/589"}],"wp:attachment":[{"href":"https:\/\/cd56tt.com\/index.php\/wp-json\/wp\/v2\/media?parent=586"}],"curies":[{"name":"wp","href":"https:\/\/api.w.org\/{rel}","templated":true}]}}