{"id":56,"date":"2022-06-09T22:38:05","date_gmt":"2022-06-09T20:38:05","guid":{"rendered":"http:\/\/cd56tt.com\/?page_id=56"},"modified":"2026-03-03T15:25:11","modified_gmt":"2026-03-03T14:25:11","slug":"permanence","status":"publish","type":"page","link":"https:\/\/cd56tt.com\/index.php\/permanence\/","title":{"rendered":"Permanence"},"content":{"rendered":"<p>[et_pb_section fb_built=&#8221;1&#8243; _builder_version=&#8221;4.17.4&#8243; _module_preset=&#8221;default&#8221; global_colors_info=&#8221;{}&#8221;][et_pb_row _builder_version=&#8221;4.17.4&#8243; _module_preset=&#8221;default&#8221; hover_enabled=&#8221;0&#8243; global_colors_info=&#8221;{}&#8221; sticky_enabled=&#8221;0&#8243;][et_pb_column type=&#8221;4_4&#8243; _builder_version=&#8221;4.17.4&#8243; _module_preset=&#8221;default&#8221; global_colors_info=&#8221;{}&#8221;][et_pb_text _builder_version=&#8221;4.27.4&#8243; _module_preset=&#8221;default&#8221; min_height=&#8221;150px&#8221; custom_padding=&#8221;||0px|||&#8221; hover_enabled=&#8221;0&#8243; global_colors_info=&#8221;{}&#8221; sticky_enabled=&#8221;0&#8243;]<\/p>\n<p style=\"font-weight: 400; text-align: center;\"><strong><u>A compter du 1er septembre 2025<\/u>,<br \/>\n<\/strong><\/p>\n<p style=\"font-weight: 400; text-align: center;\"><strong>\u00a0<\/strong><\/p>\n<p style=\"font-weight: 400; text-align: center;\">le secr\u00e9tariat vous re\u00e7oit<\/p>\n<p style=\"font-weight: 400; text-align: center;\">au 12, place des Halles Saint Louis \u00e0 Lorient<\/p>\n<p style=\"font-weight: 400; text-align: center;\">au 1er \u00e9tage (\u00e0 droite au fond du couloir)<\/p>\n<p style=\"font-weight: 400; text-align: center;\">\u00a0par t\u00e9l\u00e9phone au 02 97 21 51 13<\/p>\n<p style=\"font-weight: 400; text-align: center;\">ou<\/p>\n<p style=\"font-weight: 400; text-align: center;\">\u00a0par mail cd56tt@gmail.com<\/p>\n<p style=\"font-weight: 400; text-align: center;\"><strong>\u00a0<\/strong><\/p>\n<p style=\"font-weight: 400; text-align: center;\"><strong>\u00a0 \u00a0LUNDI\u00a0de 10 h \u00e0 12 h et de 14 h \u00e0 17 h 30<\/strong><\/p>\n<p style=\"font-weight: 400; text-align: center;\"><strong>MARDI\u00a0 de 14 h 30 \u00e0 17 h 30<\/strong><\/p>\n<p style=\"font-weight: 400; text-align: center;\"><strong>JEUDI\u00a0<\/strong><strong>de 14 h 30 \u00e0 17 h 30<\/strong><\/p>\n<p style=\"font-weight: 400; text-align: center;\"><strong>VENDREDI\u00a0<\/strong><strong>de 14 h 30 \u00e0 17 h 30<\/strong><\/p>\n<p style=\"font-weight: 400; text-align: center;\"><strong>\u00a0<\/strong><\/p>\n<p style=\"font-weight: 400; text-align: center;\"><strong>Il vous est demand\u00e9 de respecter<span>\u00a0<\/span><u>imp\u00e9rativement\u00a0<\/u><\/strong><strong>ces horaires, afin de faciliter les t\u00e2ches du secr\u00e9tariat.\u00a0<\/strong><\/p>\n<p>[\/et_pb_text][\/et_pb_column][\/et_pb_row][\/et_pb_section]<\/p>\n","protected":false},"excerpt":{"rendered":"<p>A compter du 1er septembre 2025, \u00a0 le secr\u00e9tariat vous re\u00e7oit au 12, place des Halles Saint Louis \u00e0 Lorient au 1er \u00e9tage (\u00e0 droite au fond du couloir) \u00a0par t\u00e9l\u00e9phone au 02 97 21 51 13 ou \u00a0par mail cd56tt@gmail.com \u00a0 \u00a0 \u00a0LUNDI\u00a0de 10 h \u00e0 12 h et de 14 h \u00e0 17 h 30 MARDI\u00a0 de 14 h 30 \u00e0 17 h 30 JEUDI\u00a0de 14 h 30 \u00e0 17 h 30 VENDREDI\u00a0de 14 h 30 \u00e0 17 h 30 \u00a0 Il vous est demand\u00e9 de respecter\u00a0imp\u00e9rativement\u00a0ces horaires, afin de faciliter les t\u00e2ches du secr\u00e9tariat.\u00a0<\/p>\n","protected":false},"author":1,"featured_media":0,"parent":0,"menu_order":0,"comment_status":"closed","ping_status":"closed","template":"","meta":{"_et_pb_use_builder":"on","_et_pb_old_content":"","_et_gb_content_width":"","footnotes":""},"class_list":["post-56","page","type-page","status-publish","hentry"],"_links":{"self":[{"href":"https:\/\/cd56tt.com\/index.php\/wp-json\/wp\/v2\/pages\/56","targetHints":{"allow":["GET"]}}],"collection":[{"href":"https:\/\/cd56tt.com\/index.php\/wp-json\/wp\/v2\/pages"}],"about":[{"href":"https:\/\/cd56tt.com\/index.php\/wp-json\/wp\/v2\/types\/page"}],"author":[{"embeddable":true,"href":"https:\/\/cd56tt.com\/index.php\/wp-json\/wp\/v2\/users\/1"}],"replies":[{"embeddable":true,"href":"https:\/\/cd56tt.com\/index.php\/wp-json\/wp\/v2\/comments?post=56"}],"version-history":[{"count":3,"href":"https:\/\/cd56tt.com\/index.php\/wp-json\/wp\/v2\/pages\/56\/revisions"}],"predecessor-version":[{"id":3313,"href":"https:\/\/cd56tt.com\/index.php\/wp-json\/wp\/v2\/pages\/56\/revisions\/3313"}],"wp:attachment":[{"href":"https:\/\/cd56tt.com\/index.php\/wp-json\/wp\/v2\/media?parent=56"}],"curies":[{"name":"wp","href":"https:\/\/api.w.org\/{rel}","templated":true}]}}