{"id":559,"date":"2022-06-28T19:05:42","date_gmt":"2022-06-28T17:05:42","guid":{"rendered":"https:\/\/cd56tt.com\/?page_id=559"},"modified":"2022-06-28T19:06:45","modified_gmt":"2022-06-28T17:06:45","slug":"defiscalisation-des-frais-des-benevoles","status":"publish","type":"page","link":"https:\/\/cd56tt.com\/index.php\/defiscalisation-des-frais-des-benevoles\/","title":{"rendered":"D\u00e9fiscalisation des Frais des b\u00e9n\u00e9voles"},"content":{"rendered":"<p>[et_pb_section fb_built=&#8221;1&#8243; _builder_version=&#8221;4.17.4&#8243; _module_preset=&#8221;default&#8221; background_color=&#8221;#FFFFFF&#8221; use_background_color_gradient=&#8221;on&#8221; background_color_gradient_stops=&#8221;#2b87da 0%|#29c4a9 66%&#8221; background_enable_pattern_style=&#8221;on&#8221; background_pattern_style=&#8221;smiles&#8221; background_enable_mask_style=&#8221;on&#8221; background_mask_style=&#8221;rock-stack&#8221; background_mask_color=&#8221;#FBBA00&#8243; border_width_all=&#8221;8px&#8221; saved_tabs=&#8221;all&#8221; global_colors_info=&#8221;{}&#8221;][et_pb_row _builder_version=&#8221;4.17.4&#8243; _module_preset=&#8221;default&#8221; background_color=&#8221;RGBA(255,255,255,0)&#8221; global_colors_info=&#8221;{}&#8221;][et_pb_column type=&#8221;4_4&#8243; _builder_version=&#8221;4.17.4&#8243; _module_preset=&#8221;default&#8221; global_colors_info=&#8221;{}&#8221;][et_pb_post_title meta=&#8221;off&#8221; featured_image=&#8221;off&#8221; _builder_version=&#8221;4.17.4&#8243; _module_preset=&#8221;default&#8221; global_colors_info=&#8221;{}&#8221;][\/et_pb_post_title][et_pb_button button_url=&#8221;https:\/\/cd56tt.com\/wp-content\/uploads\/2022\/06\/defiscalisation-frais-des-benevoles.pdf&#8221; url_new_window=&#8221;on&#8221; button_text=&#8221; defiscalisation frais des benevoles.pdf&#8221; button_alignment=&#8221;left&#8221; _builder_version=&#8221;4.17.4&#8243; _module_preset=&#8221;default&#8221; transform_scale=&#8221;82%|82%&#8221; background_layout=&#8221;dark&#8221; hover_enabled=&#8221;0&#8243; box_shadow_style=&#8221;preset2&#8243; box_shadow_horizontal=&#8221;4px&#8221; global_colors_info=&#8221;{}&#8221; sticky_enabled=&#8221;0&#8243;][\/et_pb_button][\/et_pb_column][\/et_pb_row][\/et_pb_section]<\/p>\n","protected":false},"excerpt":{"rendered":"","protected":false},"author":1,"featured_media":0,"parent":0,"menu_order":0,"comment_status":"closed","ping_status":"closed","template":"","meta":{"_et_pb_use_builder":"on","_et_pb_old_content":"","_et_gb_content_width":"","footnotes":""},"class_list":["post-559","page","type-page","status-publish","hentry"],"_links":{"self":[{"href":"https:\/\/cd56tt.com\/index.php\/wp-json\/wp\/v2\/pages\/559","targetHints":{"allow":["GET"]}}],"collection":[{"href":"https:\/\/cd56tt.com\/index.php\/wp-json\/wp\/v2\/pages"}],"about":[{"href":"https:\/\/cd56tt.com\/index.php\/wp-json\/wp\/v2\/types\/page"}],"author":[{"embeddable":true,"href":"https:\/\/cd56tt.com\/index.php\/wp-json\/wp\/v2\/users\/1"}],"replies":[{"embeddable":true,"href":"https:\/\/cd56tt.com\/index.php\/wp-json\/wp\/v2\/comments?post=559"}],"version-history":[{"count":3,"href":"https:\/\/cd56tt.com\/index.php\/wp-json\/wp\/v2\/pages\/559\/revisions"}],"predecessor-version":[{"id":563,"href":"https:\/\/cd56tt.com\/index.php\/wp-json\/wp\/v2\/pages\/559\/revisions\/563"}],"wp:attachment":[{"href":"https:\/\/cd56tt.com\/index.php\/wp-json\/wp\/v2\/media?parent=559"}],"curies":[{"name":"wp","href":"https:\/\/api.w.org\/{rel}","templated":true}]}}