{"id":113,"date":"2022-06-10T21:22:28","date_gmt":"2022-06-10T19:22:28","guid":{"rendered":"http:\/\/cd56tt.com\/?page_id=113"},"modified":"2024-11-08T16:04:57","modified_gmt":"2024-11-08T15:04:57","slug":"assemblees-generales","status":"publish","type":"page","link":"https:\/\/cd56tt.com\/index.php\/assemblees-generales\/","title":{"rendered":"Assembl\u00e9es G\u00e9n\u00e9rales"},"content":{"rendered":"<p>[et_pb_section fb_built=&#8221;1&#8243; _builder_version=&#8221;4.17.4&#8243; _module_preset=&#8221;default&#8221; background_color=&#8221;#FFFFFF&#8221; use_background_color_gradient=&#8221;on&#8221; background_color_gradient_stops=&#8221;#2b87da 0%|#29c4a9 66%&#8221; background_enable_pattern_style=&#8221;on&#8221; background_pattern_style=&#8221;smiles&#8221; background_enable_mask_style=&#8221;on&#8221; background_mask_style=&#8221;rock-stack&#8221; background_mask_color=&#8221;#FBBA00&#8243; border_width_all=&#8221;8px&#8221; saved_tabs=&#8221;all&#8221; global_colors_info=&#8221;{}&#8221;][et_pb_row _builder_version=&#8221;4.17.4&#8243; _module_preset=&#8221;default&#8221; background_color=&#8221;RGBA(255,255,255,0)&#8221; global_colors_info=&#8221;{}&#8221;][et_pb_column type=&#8221;4_4&#8243; _builder_version=&#8221;4.17.4&#8243; _module_preset=&#8221;default&#8221; global_colors_info=&#8221;{}&#8221;][et_pb_post_title meta=&#8221;off&#8221; featured_image=&#8221;off&#8221; _builder_version=&#8221;4.17.4&#8243; _module_preset=&#8221;default&#8221; global_colors_info=&#8221;{}&#8221;][\/et_pb_post_title][et_pb_text _builder_version=&#8221;4.17.4&#8243; _module_preset=&#8221;default&#8221; global_colors_info=&#8221;{}&#8221;]<\/p>\n<h2><span>PROCES VERBAL\u00a0<\/span><span class=\"bicolor\">ASSEMBLEE GENERALE<\/span><\/h2>\n<p>[\/et_pb_text][et_pb_button button_url=&#8221;https:\/\/cd56tt.com\/wp-content\/uploads\/2022\/06\/PV-AGE-VANNES-25062016-pages-1-a-18.pdf&#8221; url_new_window=&#8221;on&#8221; button_text=&#8221;PV AGE VANNES 25062016 pages 1 a 18.pdf&#8221; _builder_version=&#8221;4.17.6&#8243; _module_preset=&#8221;default&#8221; custom_button=&#8221;on&#8221; button_text_color=&#8221;#000000&#8243; button_bg_color=&#8221;#FFFFFF&#8221; transform_scale=&#8221;82%|82%&#8221; background_layout=&#8221;dark&#8221; box_shadow_style=&#8221;preset2&#8243; global_colors_info=&#8221;{}&#8221;][\/et_pb_button][et_pb_button button_url=&#8221;https:\/\/cd56tt.com\/wp-content\/uploads\/2022\/06\/PV-AGE-VANNES-25062016-pages-19-a-fin.pdf&#8221; url_new_window=&#8221;on&#8221; button_text=&#8221;PV AGE VANNES 25062016 pages 19 a fin.pdf&#8221; _builder_version=&#8221;4.17.6&#8243; _module_preset=&#8221;default&#8221; custom_button=&#8221;on&#8221; button_text_color=&#8221;#000000&#8243; button_bg_color=&#8221;#FFFFFF&#8221; transform_scale=&#8221;82%|82%&#8221; background_layout=&#8221;dark&#8221; box_shadow_style=&#8221;preset2&#8243; global_colors_info=&#8221;{}&#8221;][\/et_pb_button][et_pb_button button_url=&#8221;https:\/\/cd56tt.com\/wp-content\/uploads\/2022\/06\/PV-AG-comite-2017.pdf&#8221; url_new_window=&#8221;on&#8221; button_text=&#8221; PV AG comite 2017.pdf&#8221; button_alignment=&#8221;left&#8221; _builder_version=&#8221;4.17.6&#8243; _module_preset=&#8221;default&#8221; custom_button=&#8221;on&#8221; button_text_color=&#8221;#000000&#8243; button_bg_color=&#8221;#FFFFFF&#8221; transform_scale=&#8221;82%|82%&#8221; background_layout=&#8221;dark&#8221; box_shadow_style=&#8221;preset2&#8243; box_shadow_horizontal=&#8221;4px&#8221; global_colors_info=&#8221;{}&#8221;][\/et_pb_button][et_pb_button button_url=&#8221;https:\/\/cd56tt.com\/wp-content\/uploads\/2022\/06\/PV-AG-comite-2018.pdf&#8221; url_new_window=&#8221;on&#8221; button_text=&#8221;PV AG comite 2018.pdf&#8221; _builder_version=&#8221;4.17.6&#8243; _module_preset=&#8221;default&#8221; custom_button=&#8221;on&#8221; button_text_color=&#8221;#000000&#8243; button_bg_color=&#8221;#FFFFFF&#8221; transform_scale=&#8221;82%|82%&#8221; background_layout=&#8221;dark&#8221; box_shadow_style=&#8221;preset2&#8243; global_colors_info=&#8221;{}&#8221;][\/et_pb_button][et_pb_button button_url=&#8221;https:\/\/cd56tt.com\/wp-content\/uploads\/2022\/06\/PV-AG-Exceptionnelle-comite-2018.pdf&#8221; url_new_window=&#8221;on&#8221; button_text=&#8221;PV AG Exceptionnelle comite 2018.pdf&#8221; _builder_version=&#8221;4.17.6&#8243; _module_preset=&#8221;default&#8221; custom_button=&#8221;on&#8221; button_text_color=&#8221;#000000&#8243; button_bg_color=&#8221;#FFFFFF&#8221; transform_scale=&#8221;82%|82%&#8221; background_layout=&#8221;dark&#8221; box_shadow_style=&#8221;preset2&#8243; global_colors_info=&#8221;{}&#8221;][\/et_pb_button][et_pb_button button_url=&#8221;https:\/\/cd56tt.com\/wp-content\/uploads\/2024\/11\/PV-AG-comite-2020-adopte.pdf&#8221; url_new_window=&#8221;on&#8221; button_text=&#8221;PV AG 2020&#8243; _builder_version=&#8221;4.27.2&#8243; _module_preset=&#8221;default&#8221; custom_button=&#8221;on&#8221; button_text_color=&#8221;#000000&#8243; button_bg_color=&#8221;#FFFFFF&#8221; transform_scale=&#8221;82%|82%&#8221; background_layout=&#8221;dark&#8221; hover_enabled=&#8221;0&#8243; box_shadow_style=&#8221;preset2&#8243; global_colors_info=&#8221;{}&#8221; sticky_enabled=&#8221;0&#8243;][\/et_pb_button][et_pb_button button_url=&#8221;https:\/\/cd56tt.com\/wp-content\/uploads\/2024\/11\/PV-AG-comite-2021-adopte.pdf&#8221; url_new_window=&#8221;on&#8221; button_text=&#8221;PV AG 2021&#8243; _builder_version=&#8221;4.27.2&#8243; _module_preset=&#8221;default&#8221; custom_button=&#8221;on&#8221; button_text_color=&#8221;#000000&#8243; button_bg_color=&#8221;#FFFFFF&#8221; transform_scale=&#8221;82%|82%&#8221; background_layout=&#8221;dark&#8221; hover_enabled=&#8221;0&#8243; box_shadow_style=&#8221;preset2&#8243; global_colors_info=&#8221;{}&#8221; sticky_enabled=&#8221;0&#8243;][\/et_pb_button][et_pb_button button_url=&#8221;https:\/\/cd56tt.com\/wp-content\/uploads\/2024\/11\/PV-AG-comite-2022-definitif-1.pdf&#8221; url_new_window=&#8221;on&#8221; button_text=&#8221;PV AG 2022&#8243; _builder_version=&#8221;4.27.2&#8243; _module_preset=&#8221;default&#8221; custom_button=&#8221;on&#8221; button_text_color=&#8221;#000000&#8243; button_bg_color=&#8221;#FFFFFF&#8221; transform_scale=&#8221;82%|82%&#8221; background_layout=&#8221;dark&#8221; hover_enabled=&#8221;0&#8243; box_shadow_style=&#8221;preset2&#8243; global_colors_info=&#8221;{}&#8221; sticky_enabled=&#8221;0&#8243;][\/et_pb_button][et_pb_button button_url=&#8221;https:\/\/cd56tt.com\/wp-content\/uploads\/2024\/11\/PV-AG-comite-2023-definitif.pdf&#8221; url_new_window=&#8221;on&#8221; button_text=&#8221;PV AG 2023&#8243; _builder_version=&#8221;4.27.2&#8243; _module_preset=&#8221;default&#8221; custom_button=&#8221;on&#8221; button_text_color=&#8221;#000000&#8243; button_bg_color=&#8221;#FFFFFF&#8221; transform_scale=&#8221;82%|82%&#8221; background_layout=&#8221;dark&#8221; hover_enabled=&#8221;0&#8243; box_shadow_style=&#8221;preset2&#8243; global_colors_info=&#8221;{}&#8221; sticky_enabled=&#8221;0&#8243;][\/et_pb_button][\/et_pb_column][\/et_pb_row][\/et_pb_section]<\/p>\n","protected":false},"excerpt":{"rendered":"<p>PROCES VERBAL\u00a0ASSEMBLEE GENERALE<\/p>\n","protected":false},"author":1,"featured_media":0,"parent":0,"menu_order":0,"comment_status":"closed","ping_status":"closed","template":"","meta":{"_et_pb_use_builder":"on","_et_pb_old_content":"<!-- wp:divi\/placeholder \/-->","_et_gb_content_width":"","footnotes":""},"class_list":["post-113","page","type-page","status-publish","hentry"],"_links":{"self":[{"href":"https:\/\/cd56tt.com\/index.php\/wp-json\/wp\/v2\/pages\/113","targetHints":{"allow":["GET"]}}],"collection":[{"href":"https:\/\/cd56tt.com\/index.php\/wp-json\/wp\/v2\/pages"}],"about":[{"href":"https:\/\/cd56tt.com\/index.php\/wp-json\/wp\/v2\/types\/page"}],"author":[{"embeddable":true,"href":"https:\/\/cd56tt.com\/index.php\/wp-json\/wp\/v2\/users\/1"}],"replies":[{"embeddable":true,"href":"https:\/\/cd56tt.com\/index.php\/wp-json\/wp\/v2\/comments?post=113"}],"version-history":[{"count":9,"href":"https:\/\/cd56tt.com\/index.php\/wp-json\/wp\/v2\/pages\/113\/revisions"}],"predecessor-version":[{"id":2381,"href":"https:\/\/cd56tt.com\/index.php\/wp-json\/wp\/v2\/pages\/113\/revisions\/2381"}],"wp:attachment":[{"href":"https:\/\/cd56tt.com\/index.php\/wp-json\/wp\/v2\/media?parent=113"}],"curies":[{"name":"wp","href":"https:\/\/api.w.org\/{rel}","templated":true}]}}