{"id":108,"date":"2022-06-10T21:20:44","date_gmt":"2022-06-10T19:20:44","guid":{"rendered":"http:\/\/cd56tt.com\/?page_id=108"},"modified":"2026-02-09T17:18:42","modified_gmt":"2026-02-09T16:18:42","slug":"commission-arbitrage","status":"publish","type":"page","link":"https:\/\/cd56tt.com\/index.php\/commission-arbitrage\/","title":{"rendered":"Commission Arbitrage"},"content":{"rendered":"<p>[et_pb_section fb_built=&#8221;1&#8243; _builder_version=&#8221;4.17.4&#8243; _module_preset=&#8221;default&#8221; custom_padding=&#8221;0px|||||&#8221; global_colors_info=&#8221;{}&#8221;][et_pb_row column_structure=&#8221;1_2,1_2&#8243; _builder_version=&#8221;4.17.4&#8243; _module_preset=&#8221;default&#8221; custom_margin=&#8221;|auto|-104px|auto||&#8221; global_colors_info=&#8221;{}&#8221;][et_pb_column type=&#8221;1_2&#8243; _builder_version=&#8221;4.17.4&#8243; _module_preset=&#8221;default&#8221; global_colors_info=&#8221;{}&#8221;][et_pb_post_title meta=&#8221;off&#8221; featured_image=&#8221;off&#8221; _builder_version=&#8221;4.17.4&#8243; _module_preset=&#8221;default&#8221; global_colors_info=&#8221;{}&#8221;][\/et_pb_post_title][et_pb_text _builder_version=&#8221;4.17.4&#8243; _module_preset=&#8221;default&#8221; global_colors_info=&#8221;{}&#8221;]<\/p>\n<p><b>Si vous \u00eates int\u00e9ress\u00e9 par l\u2019arbitrage, que vous souhaitez en savoir plus ou que vous souhaitez vous inscrire \u00e0 une formation, veuillez-vous rapprocher de votre ligue\u00a0:\u00a0<u><a href=\"https:\/\/www.fftt.com\/site\/jouer\/ou-jouer\/trouver-ligue-ou-comite\" style=\"font-weight: inherit;\">https:\/\/www.fftt.com\/site\/jouer\/ou-jouer\/trouver-ligue-ou-comite<\/a><\/u>\u00a0<\/b><\/p>\n<p>&nbsp;<\/p>\n<p><b>Les grades d\u2019arbitre<\/b><\/p>\n<p><b>Arbitre de club\u00a0:<\/b>\u00a0l&#8217;arbitre de club est le premier \u00e9chelon, consid\u00e9r\u00e9 comme une initiation aux principes de base de l\u2019arbitrage.<br \/><b>Arbitre r\u00e9gional\u00a0<\/b>: l&#8217;arbitre r\u00e9gional est charg\u00e9 de g\u00e9rer une partie entre deux joueurs ou deux paires de joueurs en double. Ce grade est le minimum pour arbitrer les rencontres par \u00e9quipes de Nationale (sauf N3 dames, o\u00f9 le grade d\u2019arbitre de club est possible)<br \/><b>Arbitre national\u00a0: l<\/b>&#8216;arbitre de niveau national peut arbitrer \u00e0 tous les niveaux, et participe \u00e0 l&#8217;information et la promotion de l&#8217;arbitrage.<br \/><b>Arbitre international<\/b>\u00a0: le grade d&#8217;arbitre international permet d&#8217;exercer l&#8217;arbitrage dans le cadre de comp\u00e9titions internationales. Trois grades vers l\u2019excellence\u00a0: white badge, puis blue badge et gold badge.\u00a0<\/p>\n<p><b>Les grades de juge-arbitre<\/b><\/p>\n<p><b>Juge-arbitre par \u00e9quipe (JA1)\u00a0:\u00a0<\/b>ce grade concerne la responsabilit\u00e9 du d\u00e9roulement d&#8217;une rencontre par \u00e9quipe.<br \/><b>Juge-arbitre crit\u00e9rium\u00a0f\u00e9d\u00e9ral (JA2)\u00a0:<\/b>\u00a0il est charg\u00e9 de diriger cette \u00e9preuve.<br \/><b>Juge-arbitre des \u00e9preuves r\u00e9gionales (JA3) :<\/b>\u00a0il dirige toutes les comp\u00e9titions r\u00e9gionales.<br \/><b>Juge-arbitre national (JAN)\u00a0:<\/b>\u00a0il\u00a0a la charge des \u00e9preuves nationales.<br \/><b>Juge-arbitre international (JAI) :\u00a0<\/b>le juge-arbitre international dirige des \u00e9preuves internationales, en France et \u00e0 l\u2019\u00e9tranger<\/p>\n<p>&nbsp;<\/p>\n<p>[\/et_pb_text][\/et_pb_column][et_pb_column type=&#8221;1_2&#8243; _builder_version=&#8221;4.17.4&#8243; _module_preset=&#8221;default&#8221; global_colors_info=&#8221;{}&#8221;][et_pb_image src=&#8221;https:\/\/cd56tt.com\/wp-content\/uploads\/2022\/06\/insertion-note-billet-211209_174226.png&#8221; title_text=&#8221;insertion-note-billet-211209_174226&#8243; align=&#8221;center&#8221; force_fullwidth=&#8221;on&#8221; _builder_version=&#8221;4.17.4&#8243; _module_preset=&#8221;default&#8221; custom_margin=&#8221;50px||||false|false&#8221; global_colors_info=&#8221;{}&#8221;][\/et_pb_image][\/et_pb_column][\/et_pb_row][\/et_pb_section][et_pb_section fb_built=&#8221;1&#8243; _builder_version=&#8221;4.17.4&#8243; _module_preset=&#8221;default&#8221; background_color=&#8221;#FFFFFF&#8221; use_background_color_gradient=&#8221;on&#8221; background_color_gradient_stops=&#8221;#2b87da 0%|#29c4a9 66%&#8221; background_enable_pattern_style=&#8221;on&#8221; background_pattern_style=&#8221;smiles&#8221; background_enable_mask_style=&#8221;on&#8221; background_mask_style=&#8221;rock-stack&#8221; background_mask_color=&#8221;#FBBA00&#8243; border_width_all=&#8221;4px&#8221; border_color_all=&#8221;#008ECF&#8221; saved_tabs=&#8221;all&#8221; global_colors_info=&#8221;{}&#8221;][et_pb_row _builder_version=&#8221;4.17.4&#8243; _module_preset=&#8221;default&#8221; background_color=&#8221;RGBA(255,255,255,0)&#8221; global_colors_info=&#8221;{}&#8221;][et_pb_column type=&#8221;4_4&#8243; _builder_version=&#8221;4.17.4&#8243; _module_preset=&#8221;default&#8221; global_colors_info=&#8221;{}&#8221;][et_pb_text _builder_version=&#8221;4.23.1&#8243; _module_preset=&#8221;default&#8221; text_text_color=&#8221;#000000&#8243; text_font_size=&#8221;24px&#8221; global_colors_info=&#8221;{}&#8221;]<\/p>\n<p><span>NOMINATIONS INSCRIPTIONS\u00a0<\/span><span class=\"bicolor\">ARBITRES SAISON 2024\/2025<\/span><\/p>\n<p>[\/et_pb_text][et_pb_button button_url=&#8221;https:\/\/cd56tt.com\/wp-content\/uploads\/2025\/11\/nominations-indiv-2025-2026.pdf&#8221; url_new_window=&#8221;on&#8221; button_text=&#8221;NOMINATIONS JA COMPETITIONS INDIVIDUELLES Phase 1 2025\/2026          &#8221; button_alignment=&#8221;left&#8221; _builder_version=&#8221;4.27.4&#8243; _module_preset=&#8221;default&#8221; custom_button=&#8221;on&#8221; button_text_color=&#8221;#000000&#8243; button_bg_color=&#8221;#FFFFFF&#8221; transform_scale=&#8221;82%|82%&#8221; background_layout=&#8221;dark&#8221; box_shadow_style=&#8221;preset2&#8243; box_shadow_horizontal=&#8221;4px&#8221; global_colors_info=&#8221;{}&#8221;][\/et_pb_button][et_pb_button button_url=&#8221;https:\/\/cd56tt.com\/wp-content\/uploads\/2026\/02\/TABLEAU-nomination-Competitions-2eme-Ph.pdf&#8221; url_new_window=&#8221;on&#8221; button_text=&#8221;NOMINATIONS JA COMPETITIONS INDIVIDUELLES Phase 2 2025\/2026          &#8221; button_alignment=&#8221;left&#8221; _builder_version=&#8221;4.27.4&#8243; _module_preset=&#8221;default&#8221; custom_button=&#8221;on&#8221; button_text_color=&#8221;#000000&#8243; button_bg_color=&#8221;#FFFFFF&#8221; transform_scale=&#8221;82%|82%&#8221; background_layout=&#8221;dark&#8221; hover_enabled=&#8221;0&#8243; box_shadow_style=&#8221;preset2&#8243; box_shadow_horizontal=&#8221;4px&#8221; global_colors_info=&#8221;{}&#8221; sticky_enabled=&#8221;0&#8243;][\/et_pb_button][et_pb_button button_url=&#8221;https:\/\/cd56tt.com\/wp-content\/uploads\/2025\/11\/Championnat-par-equipe-1ere-phase-2025-2026.pdf&#8221; url_new_window=&#8221;on&#8221; button_text=&#8221;Arbitres Chpt par \u00e9quipes Phase 1 2025\/2026&#8243; button_alignment=&#8221;left&#8221; _builder_version=&#8221;4.27.4&#8243; _module_preset=&#8221;default&#8221; custom_button=&#8221;on&#8221; button_text_color=&#8221;#000000&#8243; button_bg_color=&#8221;#FFFFFF&#8221; transform_scale=&#8221;82%|82%&#8221; background_layout=&#8221;dark&#8221; box_shadow_style=&#8221;preset2&#8243; box_shadow_horizontal=&#8221;4px&#8221; global_colors_info=&#8221;{}&#8221;][\/et_pb_button][et_pb_button button_url=&#8221;https:\/\/cd56tt.com\/wp-content\/uploads\/2026\/02\/Championnat-par-equipe-2eme-phase-2025-2026.pdf&#8221; url_new_window=&#8221;on&#8221; button_text=&#8221;Arbitres Chpt par \u00e9quipes Phase 2 2025\/2026&#8243; button_alignment=&#8221;left&#8221; _builder_version=&#8221;4.27.4&#8243; _module_preset=&#8221;default&#8221; custom_button=&#8221;on&#8221; button_text_color=&#8221;#000000&#8243; button_bg_color=&#8221;#FFFFFF&#8221; transform_scale=&#8221;82%|82%&#8221; background_layout=&#8221;dark&#8221; hover_enabled=&#8221;0&#8243; box_shadow_style=&#8221;preset2&#8243; box_shadow_horizontal=&#8221;4px&#8221; global_colors_info=&#8221;{}&#8221; sticky_enabled=&#8221;0&#8243;][\/et_pb_button][et_pb_button button_url=&#8221;https:\/\/cd56tt.com\/wp-content\/uploads\/2024\/11\/Compte-Rendu-CRA-26-octobre-2024.pdf&#8221; url_new_window=&#8221;on&#8221; button_text=&#8221;COMPTE RENDU CRA du 26\/10\/2024&#8243; button_alignment=&#8221;left&#8221; _builder_version=&#8221;4.27.2&#8243; _module_preset=&#8221;default&#8221; custom_button=&#8221;on&#8221; button_text_color=&#8221;#000000&#8243; button_bg_color=&#8221;#FFFFFF&#8221; transform_scale=&#8221;82%|82%&#8221; background_layout=&#8221;dark&#8221; box_shadow_style=&#8221;preset2&#8243; box_shadow_horizontal=&#8221;4px&#8221; global_colors_info=&#8221;{}&#8221;][\/et_pb_button][et_pb_button button_url=&#8221;https:\/\/cd56tt.com\/wp-content\/uploads\/2022\/06\/Feuille-a-3-joueurs.xlsx&#8221; url_new_window=&#8221;on&#8221; button_text=&#8221;Feuille-a-3-joueurs.xlsx&#8221; _builder_version=&#8221;4.17.6&#8243; _module_preset=&#8221;default&#8221; custom_button=&#8221;on&#8221; button_text_color=&#8221;#000000&#8243; button_bg_color=&#8221;#FFFFFF&#8221; transform_scale=&#8221;82%|82%&#8221; background_layout=&#8221;dark&#8221; box_shadow_style=&#8221;preset2&#8243; global_colors_info=&#8221;{}&#8221;][\/et_pb_button][\/et_pb_column][\/et_pb_row][\/et_pb_section]<\/p>\n","protected":false},"excerpt":{"rendered":"<p>Si vous \u00eates int\u00e9ress\u00e9 par l\u2019arbitrage, que vous souhaitez en savoir plus ou que vous souhaitez vous inscrire \u00e0 une formation, veuillez-vous rapprocher de votre ligue\u00a0:\u00a0https:\/\/www.fftt.com\/site\/jouer\/ou-jouer\/trouver-ligue-ou-comite\u00a0 &nbsp; Les grades d\u2019arbitre Arbitre de club\u00a0:\u00a0l&#8217;arbitre de club est le premier \u00e9chelon, consid\u00e9r\u00e9 comme une initiation aux principes de base de l\u2019arbitrage.Arbitre r\u00e9gional\u00a0: l&#8217;arbitre r\u00e9gional est charg\u00e9 de g\u00e9rer une partie entre deux joueurs ou deux paires de joueurs en double. Ce grade est le minimum pour arbitrer les rencontres par \u00e9quipes de Nationale (sauf N3 dames, o\u00f9 le grade d\u2019arbitre de club est possible)Arbitre national\u00a0: l&#8217;arbitre de niveau national peut arbitrer \u00e0 tous les niveaux, et participe \u00e0 l&#8217;information et la promotion de l&#8217;arbitrage.Arbitre international\u00a0: le grade d&#8217;arbitre international permet d&#8217;exercer l&#8217;arbitrage dans le cadre de comp\u00e9titions internationales. Trois grades vers l\u2019excellence\u00a0: white badge, puis blue badge et gold badge.\u00a0 Les grades de juge-arbitre Juge-arbitre par \u00e9quipe (JA1)\u00a0:\u00a0ce grade concerne la responsabilit\u00e9 du d\u00e9roulement d&#8217;une rencontre par \u00e9quipe.Juge-arbitre crit\u00e9rium\u00a0f\u00e9d\u00e9ral (JA2)\u00a0:\u00a0il est charg\u00e9 de diriger cette \u00e9preuve.Juge-arbitre des \u00e9preuves r\u00e9gionales (JA3) :\u00a0il dirige toutes les comp\u00e9titions r\u00e9gionales.Juge-arbitre national (JAN)\u00a0:\u00a0il\u00a0a la charge des \u00e9preuves nationales.Juge-arbitre international (JAI) :\u00a0le juge-arbitre international dirige des \u00e9preuves internationales, en France et \u00e0 l\u2019\u00e9tranger &nbsp;NOMINATIONS INSCRIPTIONS\u00a0ARBITRES SAISON 2024\/2025<\/p>\n","protected":false},"author":1,"featured_media":0,"parent":0,"menu_order":0,"comment_status":"closed","ping_status":"closed","template":"","meta":{"_et_pb_use_builder":"on","_et_pb_old_content":"","_et_gb_content_width":"","footnotes":""},"class_list":["post-108","page","type-page","status-publish","hentry"],"_links":{"self":[{"href":"https:\/\/cd56tt.com\/index.php\/wp-json\/wp\/v2\/pages\/108","targetHints":{"allow":["GET"]}}],"collection":[{"href":"https:\/\/cd56tt.com\/index.php\/wp-json\/wp\/v2\/pages"}],"about":[{"href":"https:\/\/cd56tt.com\/index.php\/wp-json\/wp\/v2\/types\/page"}],"author":[{"embeddable":true,"href":"https:\/\/cd56tt.com\/index.php\/wp-json\/wp\/v2\/users\/1"}],"replies":[{"embeddable":true,"href":"https:\/\/cd56tt.com\/index.php\/wp-json\/wp\/v2\/comments?post=108"}],"version-history":[{"count":20,"href":"https:\/\/cd56tt.com\/index.php\/wp-json\/wp\/v2\/pages\/108\/revisions"}],"predecessor-version":[{"id":3271,"href":"https:\/\/cd56tt.com\/index.php\/wp-json\/wp\/v2\/pages\/108\/revisions\/3271"}],"wp:attachment":[{"href":"https:\/\/cd56tt.com\/index.php\/wp-json\/wp\/v2\/media?parent=108"}],"curies":[{"name":"wp","href":"https:\/\/api.w.org\/{rel}","templated":true}]}}