{"id":100,"date":"2022-06-10T21:09:50","date_gmt":"2022-06-10T19:09:50","guid":{"rendered":"http:\/\/cd56tt.com\/?page_id=100"},"modified":"2022-06-12T22:47:10","modified_gmt":"2022-06-12T20:47:10","slug":"les-correspondants-salaries","status":"publish","type":"page","link":"https:\/\/cd56tt.com\/index.php\/les-correspondants-salaries\/","title":{"rendered":"Les correspondants \/ salari\u00e9s"},"content":{"rendered":"<p>[et_pb_section fb_built=&#8221;1&#8243; _builder_version=&#8221;4.17.4&#8243; _module_preset=&#8221;default&#8221; global_colors_info=&#8221;{}&#8221;][et_pb_row _builder_version=&#8221;4.17.4&#8243; _module_preset=&#8221;default&#8221; global_colors_info=&#8221;{}&#8221;][et_pb_column type=&#8221;4_4&#8243; _builder_version=&#8221;4.17.4&#8243; _module_preset=&#8221;default&#8221; global_colors_info=&#8221;{}&#8221;][et_pb_post_title meta=&#8221;off&#8221; featured_image=&#8221;off&#8221; _builder_version=&#8221;4.17.4&#8243; _module_preset=&#8221;default&#8221; global_colors_info=&#8221;{}&#8221;][\/et_pb_post_title][\/et_pb_column][\/et_pb_row][et_pb_row column_structure=&#8221;1_4,1_4,1_4,1_4&#8243; _builder_version=&#8221;4.17.4&#8243; _module_preset=&#8221;default&#8221; global_colors_info=&#8221;{}&#8221;][et_pb_column type=&#8221;1_4&#8243; _builder_version=&#8221;4.17.4&#8243; _module_preset=&#8221;default&#8221; global_colors_info=&#8221;{}&#8221;][et_pb_text _builder_version=&#8221;4.17.4&#8243; _module_preset=&#8221;default&#8221; text_text_color=&#8221;#FFFFFF&#8221; text_font_size=&#8221;25px&#8221; text_line_height=&#8221;2em&#8221; background_color=&#8221;#008ECF&#8221; text_orientation=&#8221;center&#8221; background_layout=&#8221;dark&#8221; text_text_shadow_style=&#8221;preset1&#8243; global_colors_info=&#8221;{}&#8221;]<\/p>\n<p style=\"text-align: center;\">Conseiller Technique D\u00e9partemental<\/p>\n<p>[\/et_pb_text][et_pb_image src=&#8221;https:\/\/cd56tt.com\/wp-content\/uploads\/2022\/06\/160928_080321.png&#8221; title_text=&#8221;160928_080321&#8243; align=&#8221;center&#8221; _builder_version=&#8221;4.17.4&#8243; _module_preset=&#8221;default&#8221; global_colors_info=&#8221;{}&#8221;][\/et_pb_image][et_pb_text _builder_version=&#8221;4.17.4&#8243; _module_preset=&#8221;default&#8221; global_colors_info=&#8221;{}&#8221;]<\/p>\n<p style=\"text-align: center;\"><span>Pr\u00e9nom : Jordan<\/span><br \/><span>Nom : Mars<\/span><br \/><span>Portable : 06 18 20 80 19<\/span><\/p>\n<p>[\/et_pb_text][\/et_pb_column][et_pb_column type=&#8221;1_4&#8243; _builder_version=&#8221;4.17.4&#8243; _module_preset=&#8221;default&#8221; global_colors_info=&#8221;{}&#8221;][et_pb_text _builder_version=&#8221;4.17.4&#8243; _module_preset=&#8221;default&#8221; text_font_size=&#8221;14px&#8221; text_line_height=&#8221;2em&#8221; background_color=&#8221;#018FD1&#8243; text_orientation=&#8221;center&#8221; background_layout=&#8221;dark&#8221; text_text_shadow_style=&#8221;preset1&#8243; global_colors_info=&#8221;{}&#8221;]<\/p>\n<table class=\"tablecontent qsn1 bg_self__isdark__text_bw qsn4 bd_self isclear\" width=\"100%\" cellspacing=\"0\" cellpadding=\"0\" border=\"0\">\n<tbody>\n<tr>\n<td class=\"qlubcontainer_content\">\n<div class=\"wsg_notebody\">\n<div class=\"wsg_content\">\n<div class=\"wsg_content_html qtxt1 paddingslider\">\n<div>Entra\u00eeneur CLE antenne Vannes<\/div>\n<div>les stages d\u00e9partementaux &#8211; suivi en comp\u00e9tition<\/div>\n<\/div>\n<\/div>\n<\/div>\n<\/td>\n<\/tr>\n<\/tbody>\n<\/table>\n<p>[\/et_pb_text][et_pb_image src=&#8221;https:\/\/cd56tt.com\/wp-content\/uploads\/2022\/06\/Numerisation_20180518-2-e1655066688524.jpg&#8221; title_text=&#8221;Numerisation_20180518 (2)&#8221; align=&#8221;center&#8221; _builder_version=&#8221;4.17.4&#8243; _module_preset=&#8221;default&#8221; hover_enabled=&#8221;0&#8243; global_colors_info=&#8221;{}&#8221; sticky_enabled=&#8221;0&#8243;][\/et_pb_image][et_pb_text _builder_version=&#8221;4.17.4&#8243; _module_preset=&#8221;default&#8221; global_colors_info=&#8221;{}&#8221;]<\/p>\n<p style=\"text-align: center;\"><span>Pr\u00e9nom : Alexis<\/span><br \/><span>Nom : Audo<\/span><br \/><span>Portable : 06 73 93 97 01<\/span><\/p>\n<p>[\/et_pb_text][\/et_pb_column][et_pb_column type=&#8221;1_4&#8243; _builder_version=&#8221;4.17.4&#8243; _module_preset=&#8221;default&#8221; global_colors_info=&#8221;{}&#8221;][et_pb_text _builder_version=&#8221;4.17.4&#8243; _module_preset=&#8221;default&#8221; text_font_size=&#8221;24px&#8221; text_line_height=&#8221;2em&#8221; background_color=&#8221;#018FD1&#8243; text_orientation=&#8221;center&#8221; background_layout=&#8221;dark&#8221; text_text_shadow_style=&#8221;preset1&#8243; global_colors_info=&#8221;{}&#8221;]<\/p>\n<p style=\"text-align: center;\"><span>Entra\u00eeneure club et secr\u00e9taire Comit\u00e9<\/span><\/p>\n<p>[\/et_pb_text][et_pb_image src=&#8221;https:\/\/cd56tt.com\/wp-content\/uploads\/2022\/06\/Helene.jpg&#8221; title_text=&#8221;Helene&#8221; align=&#8221;center&#8221; _builder_version=&#8221;4.17.4&#8243; _module_preset=&#8221;default&#8221; hover_enabled=&#8221;0&#8243; global_colors_info=&#8221;{}&#8221; sticky_enabled=&#8221;0&#8243;][\/et_pb_image][et_pb_text _builder_version=&#8221;4.17.4&#8243; _module_preset=&#8221;default&#8221; global_colors_info=&#8221;{}&#8221;]<\/p>\n<p style=\"text-align: center;\"><span>Pr\u00e9nom : H\u00e9l\u00e9ne<\/span><br \/><span>Nom : Horel<\/span><br \/><span>Portable : 02 97 21 51 13<\/span><\/p>\n<p>[\/et_pb_text][\/et_pb_column][et_pb_column type=&#8221;1_4&#8243; _builder_version=&#8221;4.17.4&#8243; _module_preset=&#8221;default&#8221; global_colors_info=&#8221;{}&#8221;][et_pb_text _builder_version=&#8221;4.17.4&#8243; _module_preset=&#8221;default&#8221; text_font_size=&#8221;71px&#8221; text_line_height=&#8221;2em&#8221; background_color=&#8221;#018FD1&#8243; text_orientation=&#8221;center&#8221; background_layout=&#8221;dark&#8221; text_text_shadow_style=&#8221;preset1&#8243; global_colors_info=&#8221;{}&#8221;]<\/p>\n<h3 style=\"text-align: center;\"><span>Secr\u00e9taire Comit\u00e9<\/span><\/h3>\n<p>[\/et_pb_text][et_pb_image src=&#8221;https:\/\/cd56tt.com\/wp-content\/uploads\/2022\/06\/DOM-MARREC-e1655066674863.jpg&#8221; title_text=&#8221;DOM MARREC&#8221; align=&#8221;center&#8221; _builder_version=&#8221;4.17.4&#8243; _module_preset=&#8221;default&#8221; hover_enabled=&#8221;0&#8243; global_colors_info=&#8221;{}&#8221; sticky_enabled=&#8221;0&#8243;][\/et_pb_image][et_pb_text _builder_version=&#8221;4.17.4&#8243; _module_preset=&#8221;default&#8221; global_colors_info=&#8221;{}&#8221;]<\/p>\n<p style=\"text-align: center;\"><span>Pr\u00e9nom : Dominique<\/span><br \/><span>Nom : Marrec<\/span><br \/><span>Portable : 02 97 21 51 13<\/span><\/p>\n<p>[\/et_pb_text][\/et_pb_column][\/et_pb_row][\/et_pb_section]<\/p>\n","protected":false},"excerpt":{"rendered":"<p>Conseiller Technique D\u00e9partementalPr\u00e9nom : JordanNom : MarsPortable : 06 18 20 80 19 Entra\u00eeneur CLE antenne Vannes les stages d\u00e9partementaux &#8211; suivi en comp\u00e9tition Pr\u00e9nom : AlexisNom : AudoPortable : 06 73 93 97 01Entra\u00eeneure club et secr\u00e9taire Comit\u00e9Pr\u00e9nom : H\u00e9l\u00e9neNom : HorelPortable : 02 97 21 51 13Secr\u00e9taire Comit\u00e9Pr\u00e9nom : DominiqueNom : MarrecPortable : 02 97 21 51 13<\/p>\n","protected":false},"author":1,"featured_media":0,"parent":0,"menu_order":0,"comment_status":"closed","ping_status":"closed","template":"","meta":{"_et_pb_use_builder":"on","_et_pb_old_content":"<!-- wp:divi\/placeholder \/-->","_et_gb_content_width":"","footnotes":""},"class_list":["post-100","page","type-page","status-publish","hentry"],"_links":{"self":[{"href":"https:\/\/cd56tt.com\/index.php\/wp-json\/wp\/v2\/pages\/100","targetHints":{"allow":["GET"]}}],"collection":[{"href":"https:\/\/cd56tt.com\/index.php\/wp-json\/wp\/v2\/pages"}],"about":[{"href":"https:\/\/cd56tt.com\/index.php\/wp-json\/wp\/v2\/types\/page"}],"author":[{"embeddable":true,"href":"https:\/\/cd56tt.com\/index.php\/wp-json\/wp\/v2\/users\/1"}],"replies":[{"embeddable":true,"href":"https:\/\/cd56tt.com\/index.php\/wp-json\/wp\/v2\/comments?post=100"}],"version-history":[{"count":5,"href":"https:\/\/cd56tt.com\/index.php\/wp-json\/wp\/v2\/pages\/100\/revisions"}],"predecessor-version":[{"id":265,"href":"https:\/\/cd56tt.com\/index.php\/wp-json\/wp\/v2\/pages\/100\/revisions\/265"}],"wp:attachment":[{"href":"https:\/\/cd56tt.com\/index.php\/wp-json\/wp\/v2\/media?parent=100"}],"curies":[{"name":"wp","href":"https:\/\/api.w.org\/{rel}","templated":true}]}}